{"id":11,"date":"2022-05-25T11:38:34","date_gmt":"2022-05-25T09:38:34","guid":{"rendered":"https:\/\/kvh.info.pl\/oferta\/?page_id=11"},"modified":"2022-06-03T08:49:02","modified_gmt":"2022-06-03T06:49:02","slug":"polityka-prywatnosci","status":"publish","type":"page","link":"https:\/\/kvh.info.pl\/oferta\/polityka-prywatnosci\/","title":{"rendered":"Polityka prywatno\u015bci"},"content":{"rendered":"\n<p>Niniejsza Polityka Prywatnosci okresla zasady przechowywania i dostepu do informacji na urzadzeniach Uzytkownika za pomoca plik\u00f3w Cookies, sluzacych realizacji uslug swiadczonych droga elektroniczna zadanych przez Uzytkownika, przez Centrum Recyklingu Palet WOPAL Sp. z o.o. z siedziba w Elbl\u0105gu.<\/p>\n\n\n\n<h2 class=\"wp-block-heading\">\u00a7 1 Definicje<\/h2>\n\n\n\n<ol class=\"wp-block-list\"><li><strong>Administrator<\/strong>&nbsp;\u2013 oznacza Centrum Recyklingu Palet ul. Studzienna 25 B 82-300 Elblag, NIP 5783031610, KRS 0000319129, kt\u00f3ry swiadczy uslugi droga elektroniczna oraz przechowuje i uzyskuje dostep do informacji w urzadzeniach Uzytkownika.<\/li><li><strong>Cookies<\/strong>&nbsp;\u2013 oznacza dane informatyczne, w szczeg\u00f3lnosci niewielkie pliki tekstowe, zapisywane i przechowywane na urzadzeniach za posrednictwem kt\u00f3rych Uzytkownik korzysta ze stron internetowych Serwisu.<\/li><li><strong>Cookies Administratora<\/strong>&nbsp;\u2013 oznacza Cookies zamieszczane przez Administratora, zwiazane ze swiadczeniem uslug droga elektroniczna przez Administratora za posrednictwem Serwisu.<\/li><li><strong>Cookies Zewnetrzne<\/strong>&nbsp;\u2013 oznacza Cookies zamieszczane przez partner\u00f3w Administratora, za posrednictwem strony internetowej Serwisu.<\/li><li><strong>Serwis<\/strong>&nbsp;\u2013 oznacza strone internetowa, pod kt\u00f3ra Administrator prowadzi serwis internetowy, dzialajaca w domenie www.marpol-gdansk.pl<\/li><li><strong>Urzadzenie<\/strong>&nbsp;\u2013 oznacza elektroniczne urzadzenie za posrednictwem, kt\u00f3rego Uzytkownik uzyskuje dostep do stron internetowych Serwisu<\/li><li><strong>Uzytkownik<\/strong>&nbsp;\u2013 oznacza podmiot, na rzecz kt\u00f3rego z godnie z Regulaminem i przepisami prawa moga byc swiadczone uslugi droga elektroniczna lub z kt\u00f3rym zawarta moze byc Umowa o swiadczenie uslug droga elektroniczna.<\/li><\/ol>\n\n\n\n<h2 class=\"wp-block-heading\">\u00a7 2 Rodzaje wykorzystywanych Cookies<\/h2>\n\n\n\n<ol class=\"wp-block-list\"><li>Stosowane przez Administratora Cookies sa bezpieczne dla Urzadzenia Uzytkownika. W szczeg\u00f3lnosci ta droga nie jest mozliwe przedostanie sie do Urzadzen Uzytkownik\u00f3w wirus\u00f3w lub innego niechcianego oprogramowania lub oprogramowania zlosliwego. Pliki te pozwalaja zidentyfikowac oprogramowanie wykorzystywane przez Uzytkownika i dostosowac Serwis indywidualnie kazdemu Uzytkownikowi. Cookies zazwyczaj zawieraja nazwe domeny z kt\u00f3rej pochodza, czas przechowywania ich na Urzadzeniu oraz przypisana wartosc.<\/li><li>Administrator wykorzystuje dwa typy plik\u00f3w cookies:<ul><li>Cookies sesyjne: sa przechowywane na Urzadzeniu Uzytkownika i pozostaja tam do momentu zakonczenia sesji danej przegladarki. Zapisane informacje sa w\u00f3wczas trwale usuwane z pamieci Urzadzenia. Mechanizm cookies sesyjnych nie pozwala na pobieranie jakichkolwiek danych osobowych ani zadnych informacji poufnych z Urzadzenia Uzytkownika.<\/li><li>Cookies trwale: sa przechowywane na Urzadzeniu Uzytkownika i pozostaja tam do momentu ich skasowania. Zakonczenie sesji danej przegladarki lub wylaczenie Urzadzenia nie powoduje ich usuniecia z Urzadzenia Uzytkownika. Mechanizm cookies trwalych nie pozwala na pobieranie jakichkolwiek danych osobowych ani zadnych informacji poufnych z Urzadzenia Uzytkownika.<\/li><li>Uzytkownik ma mozliwosc ograniczenia lub wylaczenia dostepu plik\u00f3w cookies do swojego Urzadzenia. W przypadku skorzystania z tej opcji korzystanie ze Serwisu bedzie mozliwe, poza funkcjami, kt\u00f3re ze swojej natury wymagaja plik\u00f3w cookies.<\/li><\/ul><\/li><\/ol>\n\n\n\n<h2 class=\"wp-block-heading\">\u00a7 3 Cele w jakich wykorzystywane sa Cookies<\/h2>\n\n\n\n<ol class=\"wp-block-list\"><li>Administrator wykorzystuje Cookies wlasne w celu poprawnej konfiguracji serwisu, a w szczeg\u00f3lnosci do:<ul><li>dostosowania zawartosci stron internetowych Serwisu do preferencji Uzytkownika oraz optymalizacji korzystania ze stron internetowych Serwisu.<\/li><li>rozpoznania urzadzenia Uzytkownika Serwisu oraz jego lokalizacje i odpowiednio wyswietlenia strony internetowej, dostosowanej do jego indywidualnych potrzeb;<\/li><li>zapamietania ustawien wybranych przez Uzytkownika i personalizacji interfejsu Uzytkownika, np. w zakresie wybranego jezyka lub regionu, z kt\u00f3rego pochodzi Uzytkownik,<\/li><li>zapamietania historii odwiedzonych stron w serwisie w celu rekomendacji tresci,<\/li><li>rozmiaru czcionki, wygladu strony internetowej itp.<\/li><\/ul><\/li><li>2. Administrator wykorzystuje Cookies wlasne w celu uwierzytelniania uzytkownika w serwisie i zapewnienia sesji uzytkownika w serwisie, a w szczeg\u00f3lnosci do:<ul><li>utrzymania sesji Uzytkownika Serwisu (po zalogowaniu), dzieki kt\u00f3rej Uzytkownik nie musi na kazdej podstronie Serwisu ponownie wpisywac loginu i hasla;<\/li><li>poprawnej konfiguracji wybranych funkcji Serwisu, umozliwiajac w szczeg\u00f3lnosci weryfikacje autentycznosci sesji przegladarki.<\/li><li>optymalizacji i zwiekszenia wydajnosci uslug swiadczonych przez Administratora.<\/li><\/ul><\/li><li>Administrator wykorzystuje Cookies wlasne w celu realizacji proces\u00f3w niezbednych dla pelnej funkcjonalnosci stron internetowych, a w szczeg\u00f3lnosci do:<ul><li>dostosowania zawartosci stron internetowych Serwisu do preferencji Uzytkownika oraz optymalizacji korzystania ze stron internetowych Serwisu. W szczeg\u00f3lnosci pliki te pozwalaja rozpoznac podstawowe parametry Urzadzenia Uzytkownika i odpowiednio wyswietlic strone internetowa, dostosowana do jego indywidualnych potrzeb;<\/li><li>poprawnej obslugi programu partnerskiego, umozliwiajac w szczeg\u00f3lnosci weryfikacje zr\u00f3del przekierowan Uzytkownik\u00f3w na strony internetowe Serwisu.<\/li><\/ul><\/li><li>Administrator wykorzystuje Cookies wlasne w celu zapamietania lokalizacji uzytkownika, a w szczeg\u00f3lnosci do poprawnej konfiguracji wybranych funkcji Serwisu, umozliwiajac w dostosowanie dostarczanych informacji do Uzytkownika z uwzglednieniem jego lokalizacji.<\/li><li>Administrator wykorzystuje Cookies wlasne w celu analiz i badan oraz audytu ogladalnosci, a w szczeg\u00f3lnosci do tworzenia anonimowych statystyk, kt\u00f3re pomagaja zrozumiec, w jaki spos\u00f3b Uzytkownicy Serwisu korzystaja ze stron internetowych Serwisu, co umozliwia ulepszanie ich struktury i zawartosci.<\/li><li>Administrator wykorzystuje Cookies wlasne w celu swiadczenia uslug reklamowych, a w szczeg\u00f3lnosci do dostosowania prezentowanych za posrednictwem Serwisu reklam uslug i produkt\u00f3w firm trzecich.<\/li><li>Administrator uslugi wykorzystuje Cookies zewnetrzne w celu zalogowania do serwisu za pomoca serwisu spolecznosciowego poprzez Facebook Connect (administrator cookies zewnetrznego: Facebook Inc z siedziba w USA lub Facebook Ireland z siedziba w Irlandii).<\/li><li>Administrator uslugi wykorzystuje Cookies zewnetrzne w celu zalogowania do serwisu za pomoca serwisu spolecznosciowego Google (administrator cookies zewnetrznego: Google Inc z siedziba w USA).<\/li><li>Administrator uslugi wykorzystuje Cookies zewnetrzne w celu zalogowania do serwisu za pomoca serwisu spolecznosciowego LinkedIn (administrator cookies zewnetrznego: LinkedIn Ireland Limited z siedziba w Irlandii).<\/li><li>Administrator uslugi wykorzystuje Cookies zewnetrzne w celu popularyzacji serwisu z a pomoca serwis\u00f3w spolecznosciowych plus.google.com (administrator cookies zewnetrznego: Google Inc z siedziba w USA).<\/li><li>Administrator uslugi wykorzystuje Cookies zewnetrzne w celu popularyzacji serwisu za pomoca serwis\u00f3w spolecznosciowych Facebook.com (administrator cookies zewnetrznego: Facebook Inc z siedziba w USA lub Facebook Ireland z siedziba w Irlandii).<\/li><li>Administrator uslugi wykorzystuje Cookies zewnetrzne w celu prezentowania opinii na stronach internetowych Serwisu, kt\u00f3re sa pobierane z zewnetrznego serwisu internetowego opineo.pl (administrator cookies zewnetrznego: Opineo Sp. z o.o. z siedziba we Wroclawiu).<\/li><\/ol>\n\n\n\n<h2 class=\"wp-block-heading\">\u00a7 4 Mo\u017cliwo\u015bci okre\u015blenia warunk\u00f3w przechowywania lub uzyskiwania dost\u0119pu przez Cookies<\/h2>\n\n\n\n<ol class=\"wp-block-list\"><li>Uzytkownik moze samodzielnie i w kazdym czasie zmienic ustawienia dotyczace plik\u00f3w Cookies, okreslajac warunki ich przechowywania i uzyskiwania dostepu przez pliki Cookies do Urzadzenia Uzytkownika. Zmiany ustawien, o kt\u00f3rych mowa w zdaniu poprzednim, Uzytkownik moze dokonac za pomoca ustawien przegladarki internetowej lub za pomoca konfiguracji uslugi. Ustawienia te moga zostac zmienione w szczeg\u00f3lnosci w taki spos\u00f3b, aby blokowac automatyczna obsluge plik\u00f3w cookies w ustawieniach przegladarki internetowej badz informowac o ich kazdorazowym zamieszczeniu Cookies na urzadzeniu Uzytkownika. Szczeg\u00f3lowe informacje o mozliwosci i sposobach obslugi plik\u00f3w cookies dostepne sa w ustawieniach oprogramowania (przegladarki internetowej).<\/li><li>Uzytkownik moze w kazdej chwili usunac pliki Cookies korzystajac z dostepnych funkcji w przegladarce internetowej, kt\u00f3rej uzywa.<\/li><li>Ograniczenie stosowania plik\u00f3w Cookies, moze wplynac na niekt\u00f3re funkcjonalnosci dostepne na stronie internetowej Serwisu.<\/li><\/ol>\n\n\n\n<div class=\"wp-block-buttons is-layout-flex wp-block-buttons-is-layout-flex\">\n<div class=\"wp-block-button\"><a class=\"wp-block-button__link\" href=\"https:\/\/kvh.info.pl\/oferta\/\"><strong>POWR\u00d3\u0106 DO STRONY G\u0141\u00d3WNEJ<\/strong><\/a><\/div>\n<\/div>\n","protected":false},"excerpt":{"rendered":"<p>Niniejsza Polityka Prywatnosci okresla zasady przechowywania i dostepu do informacji na urzadzeniach Uzytkownika za pomoca plik\u00f3w Cookies, sluzacych realizacji uslug swiadczonych droga elektroniczna zadanych przez Uzytkownika, przez Centrum Recyklingu Palet WOPAL Sp. z o.o. z siedziba w Elbl\u0105gu. \u00a7 1 Definicje Administrator&nbsp;\u2013 oznacza Centrum Recyklingu Palet ul. Studzienna 25 B 82-300 Elblag, NIP 5783031610, KRS&#8230;<\/p>\n","protected":false},"author":1,"featured_media":0,"parent":0,"menu_order":0,"comment_status":"closed","ping_status":"closed","template":"","meta":{"_kad_post_transparent":"","_kad_post_title":"","_kad_post_layout":"","_kad_post_sidebar_id":"","_kad_post_content_style":"","_kad_post_vertical_padding":"","_kad_post_feature":"","_kad_post_feature_position":"","_kad_post_header":false,"_kad_post_footer":false,"footnotes":""},"class_list":["post-11","page","type-page","status-publish","hentry"],"yoast_head":"<!-- This site is optimized with the Yoast SEO plugin v19.0 - https:\/\/yoast.com\/wordpress\/plugins\/seo\/ -->\n<title>Polityka prywatno\u015bci - Drewno KVH - Certyfikat C24 - NAJLEPSZE CENY w Polsce<\/title>\n<meta name=\"robots\" content=\"noindex, nofollow\" \/>\n<meta property=\"og:locale\" content=\"pl_PL\" \/>\n<meta property=\"og:type\" content=\"article\" \/>\n<meta property=\"og:title\" content=\"Polityka prywatno\u015bci - Drewno KVH - Certyfikat C24 - NAJLEPSZE CENY w Polsce\" \/>\n<meta property=\"og:description\" content=\"Niniejsza Polityka Prywatnosci okresla zasady przechowywania i dostepu do informacji na urzadzeniach Uzytkownika za pomoca plik\u00f3w Cookies, sluzacych realizacji uslug swiadczonych droga elektroniczna zadanych przez Uzytkownika, przez Centrum Recyklingu Palet WOPAL Sp. z o.o. z siedziba w Elbl\u0105gu. \u00a7 1 Definicje Administrator&nbsp;\u2013 oznacza Centrum Recyklingu Palet ul. Studzienna 25 B 82-300 Elblag, NIP 5783031610, KRS...\" \/>\n<meta property=\"og:url\" content=\"https:\/\/kvh.info.pl\/oferta\/polityka-prywatnosci\/\" \/>\n<meta property=\"og:site_name\" content=\"Drewno KVH - Certyfikat C24 - NAJLEPSZE CENY w Polsce\" \/>\n<meta property=\"article:modified_time\" content=\"2022-06-03T06:49:02+00:00\" \/>\n<meta name=\"twitter:card\" content=\"summary_large_image\" \/>\n<meta name=\"twitter:label1\" content=\"Szacowany czas czytania\" \/>\n\t<meta name=\"twitter:data1\" content=\"6 minut\" \/>\n<script type=\"application\/ld+json\" class=\"yoast-schema-graph\">{\"@context\":\"https:\/\/schema.org\",\"@graph\":[{\"@type\":\"Organization\",\"@id\":\"https:\/\/kvh.info.pl\/oferta\/#organization\",\"name\":\"Drewno KVH - Certyfikat C24 - NAJLEPSZE CENY w Polsce\",\"url\":\"https:\/\/kvh.info.pl\/oferta\/\",\"sameAs\":[],\"logo\":{\"@type\":\"ImageObject\",\"inLanguage\":\"pl-PL\",\"@id\":\"https:\/\/kvh.info.pl\/oferta\/#\/schema\/logo\/image\/\",\"url\":\"https:\/\/kvh.info.pl\/oferta\/wp-content\/uploads\/2022\/05\/logo-small.png\",\"contentUrl\":\"https:\/\/kvh.info.pl\/oferta\/wp-content\/uploads\/2022\/05\/logo-small.png\",\"width\":200,\"height\":102,\"caption\":\"Drewno KVH - Certyfikat C24 - NAJLEPSZE CENY w Polsce\"},\"image\":{\"@id\":\"https:\/\/kvh.info.pl\/oferta\/#\/schema\/logo\/image\/\"}},{\"@type\":\"WebSite\",\"@id\":\"https:\/\/kvh.info.pl\/oferta\/#website\",\"url\":\"https:\/\/kvh.info.pl\/oferta\/\",\"name\":\"Drewno KVH - Certyfikat C24 - NAJLEPSZE CENY w Polsce\",\"description\":\"CERTYFIKOWANE DREWNO KONSTRUKCYJNE. Drewno konstrukcyjne KVH to najnowszej generacji materia\u0142 budowalny, kt\u00f3ry powstaje z drewna iglastego.\",\"publisher\":{\"@id\":\"https:\/\/kvh.info.pl\/oferta\/#organization\"},\"potentialAction\":[{\"@type\":\"SearchAction\",\"target\":{\"@type\":\"EntryPoint\",\"urlTemplate\":\"https:\/\/kvh.info.pl\/oferta\/?s={search_term_string}\"},\"query-input\":\"required name=search_term_string\"}],\"inLanguage\":\"pl-PL\"},{\"@type\":\"WebPage\",\"@id\":\"https:\/\/kvh.info.pl\/oferta\/polityka-prywatnosci\/#webpage\",\"url\":\"https:\/\/kvh.info.pl\/oferta\/polityka-prywatnosci\/\",\"name\":\"Polityka prywatno\u015bci - Drewno KVH - Certyfikat C24 - NAJLEPSZE CENY w Polsce\",\"isPartOf\":{\"@id\":\"https:\/\/kvh.info.pl\/oferta\/#website\"},\"datePublished\":\"2022-05-25T09:38:34+00:00\",\"dateModified\":\"2022-06-03T06:49:02+00:00\",\"breadcrumb\":{\"@id\":\"https:\/\/kvh.info.pl\/oferta\/polityka-prywatnosci\/#breadcrumb\"},\"inLanguage\":\"pl-PL\",\"potentialAction\":[{\"@type\":\"ReadAction\",\"target\":[\"https:\/\/kvh.info.pl\/oferta\/polityka-prywatnosci\/\"]}]},{\"@type\":\"BreadcrumbList\",\"@id\":\"https:\/\/kvh.info.pl\/oferta\/polityka-prywatnosci\/#breadcrumb\",\"itemListElement\":[{\"@type\":\"ListItem\",\"position\":1,\"name\":\"Strona g\u0142\u00f3wna\",\"item\":\"https:\/\/kvh.info.pl\/oferta\/\"},{\"@type\":\"ListItem\",\"position\":2,\"name\":\"Polityka prywatno\u015bci\"}]}]}<\/script>\n<!-- \/ Yoast SEO plugin. -->","yoast_head_json":{"title":"Polityka prywatno\u015bci - Drewno KVH - Certyfikat C24 - NAJLEPSZE CENY w Polsce","robots":{"index":"noindex","follow":"nofollow"},"og_locale":"pl_PL","og_type":"article","og_title":"Polityka prywatno\u015bci - Drewno KVH - Certyfikat C24 - NAJLEPSZE CENY w Polsce","og_description":"Niniejsza Polityka Prywatnosci okresla zasady przechowywania i dostepu do informacji na urzadzeniach Uzytkownika za pomoca plik\u00f3w Cookies, sluzacych realizacji uslug swiadczonych droga elektroniczna zadanych przez Uzytkownika, przez Centrum Recyklingu Palet WOPAL Sp. z o.o. z siedziba w Elbl\u0105gu. \u00a7 1 Definicje Administrator&nbsp;\u2013 oznacza Centrum Recyklingu Palet ul. Studzienna 25 B 82-300 Elblag, NIP 5783031610, KRS...","og_url":"https:\/\/kvh.info.pl\/oferta\/polityka-prywatnosci\/","og_site_name":"Drewno KVH - Certyfikat C24 - NAJLEPSZE CENY w Polsce","article_modified_time":"2022-06-03T06:49:02+00:00","twitter_card":"summary_large_image","twitter_misc":{"Szacowany czas czytania":"6 minut"},"schema":{"@context":"https:\/\/schema.org","@graph":[{"@type":"Organization","@id":"https:\/\/kvh.info.pl\/oferta\/#organization","name":"Drewno KVH - Certyfikat C24 - NAJLEPSZE CENY w Polsce","url":"https:\/\/kvh.info.pl\/oferta\/","sameAs":[],"logo":{"@type":"ImageObject","inLanguage":"pl-PL","@id":"https:\/\/kvh.info.pl\/oferta\/#\/schema\/logo\/image\/","url":"https:\/\/kvh.info.pl\/oferta\/wp-content\/uploads\/2022\/05\/logo-small.png","contentUrl":"https:\/\/kvh.info.pl\/oferta\/wp-content\/uploads\/2022\/05\/logo-small.png","width":200,"height":102,"caption":"Drewno KVH - Certyfikat C24 - NAJLEPSZE CENY w Polsce"},"image":{"@id":"https:\/\/kvh.info.pl\/oferta\/#\/schema\/logo\/image\/"}},{"@type":"WebSite","@id":"https:\/\/kvh.info.pl\/oferta\/#website","url":"https:\/\/kvh.info.pl\/oferta\/","name":"Drewno KVH - Certyfikat C24 - NAJLEPSZE CENY w Polsce","description":"CERTYFIKOWANE DREWNO KONSTRUKCYJNE. Drewno konstrukcyjne KVH to najnowszej generacji materia\u0142 budowalny, kt\u00f3ry powstaje z drewna iglastego.","publisher":{"@id":"https:\/\/kvh.info.pl\/oferta\/#organization"},"potentialAction":[{"@type":"SearchAction","target":{"@type":"EntryPoint","urlTemplate":"https:\/\/kvh.info.pl\/oferta\/?s={search_term_string}"},"query-input":"required name=search_term_string"}],"inLanguage":"pl-PL"},{"@type":"WebPage","@id":"https:\/\/kvh.info.pl\/oferta\/polityka-prywatnosci\/#webpage","url":"https:\/\/kvh.info.pl\/oferta\/polityka-prywatnosci\/","name":"Polityka prywatno\u015bci - Drewno KVH - Certyfikat C24 - NAJLEPSZE CENY w Polsce","isPartOf":{"@id":"https:\/\/kvh.info.pl\/oferta\/#website"},"datePublished":"2022-05-25T09:38:34+00:00","dateModified":"2022-06-03T06:49:02+00:00","breadcrumb":{"@id":"https:\/\/kvh.info.pl\/oferta\/polityka-prywatnosci\/#breadcrumb"},"inLanguage":"pl-PL","potentialAction":[{"@type":"ReadAction","target":["https:\/\/kvh.info.pl\/oferta\/polityka-prywatnosci\/"]}]},{"@type":"BreadcrumbList","@id":"https:\/\/kvh.info.pl\/oferta\/polityka-prywatnosci\/#breadcrumb","itemListElement":[{"@type":"ListItem","position":1,"name":"Strona g\u0142\u00f3wna","item":"https:\/\/kvh.info.pl\/oferta\/"},{"@type":"ListItem","position":2,"name":"Polityka prywatno\u015bci"}]}]}},"_links":{"self":[{"href":"https:\/\/kvh.info.pl\/oferta\/wp-json\/wp\/v2\/pages\/11","targetHints":{"allow":["GET"]}}],"collection":[{"href":"https:\/\/kvh.info.pl\/oferta\/wp-json\/wp\/v2\/pages"}],"about":[{"href":"https:\/\/kvh.info.pl\/oferta\/wp-json\/wp\/v2\/types\/page"}],"author":[{"embeddable":true,"href":"https:\/\/kvh.info.pl\/oferta\/wp-json\/wp\/v2\/users\/1"}],"replies":[{"embeddable":true,"href":"https:\/\/kvh.info.pl\/oferta\/wp-json\/wp\/v2\/comments?post=11"}],"version-history":[{"count":4,"href":"https:\/\/kvh.info.pl\/oferta\/wp-json\/wp\/v2\/pages\/11\/revisions"}],"predecessor-version":[{"id":204,"href":"https:\/\/kvh.info.pl\/oferta\/wp-json\/wp\/v2\/pages\/11\/revisions\/204"}],"wp:attachment":[{"href":"https:\/\/kvh.info.pl\/oferta\/wp-json\/wp\/v2\/media?parent=11"}],"curies":[{"name":"wp","href":"https:\/\/api.w.org\/{rel}","templated":true}]}}